{"id":641,"date":"2016-11-15T09:06:32","date_gmt":"2016-11-15T09:06:32","guid":{"rendered":"https:\/\/molnopex.nl\/molnopex\/vacatures\/?lang=de"},"modified":"2016-12-14T09:30:37","modified_gmt":"2016-12-14T09:30:37","slug":"stellenangebot","status":"publish","type":"page","link":"https:\/\/www.molnopex.nl\/de\/molnopex\/stellenangebot\/","title":{"rendered":"Stellenangebot"},"content":{"rendered":"<p>[vc_row][vc_column width=&#8220;2\/3&#8243;][vc_column_text]<\/p>\n<p><strong>Stellenangebot<\/strong><\/p>\n<p>Wir arbeiten alle zusammen f\u00fcr ein perfektes Endergebnis. Wir sind begeistert, bezogen und f\u00fchlen uns verantwortlich f\u00fcr den Betrieb und die Produktauslieferung. Wir suchen regelm\u00e4\u00dfig Leute, die t\u00fcchtig zupacken und nicht abwarten.<\/p>\n<p>Wir bieten eine Umgebung, in der man sich eigentlich nie mit einer Sache befasst. Man muss also flexibel in den auszuf\u00fchrenden T\u00e4tigkeiten sein. Hast du eine \u2018lasst uns zupacken\u2018 Mentalit\u00e4t, m\u00f6chtest du zum Erfolg unseres Betriebs beitragen und denkst du f\u00fcr unser Team geeignet zu sein, dann h\u00f6ren wir gerne von dir.<\/p>\n<p>Nimm Kontakt mit unserer Personal- und Organisationsabteilung auf. Ein freies Bewerbungsschreiben ist immer m\u00f6glich. Schick eine Mail mit Lebenslauf und Bewerbungsschreiben an <a class=\"text_link\" href=\"mailto:pz@molnopex.nl\">pz@molnopex.nl<\/a>.<\/p>\n<p>&nbsp;<\/p>\n<p><strong>Per Post ist nat\u00fcrlich auch gestattet.<\/strong><\/p>\n<p>Die Postadresse lautet:<\/p>\n<p>Molnopex B.V.<br \/>\nt.a.v. Personeelszaken<br \/>\nFabrieksweg 11<br \/>\nNL-8304 AT Emmeloord<br \/>\nNiederlande<\/p>\n<p>&nbsp;<\/p>\n<p>[\/vc_column_text][\/vc_column][vc_column width=&#8220;1\/3&#8243;][vc_single_image image=&#8220;1151&#8243; img_size=&#8220;medium&#8220;][\/vc_column][\/vc_row]<\/p>\n","protected":false},"excerpt":{"rendered":"<p>[vc_row][vc_column width=&#8220;2\/3&#8243;][vc_column_text] Stellenangebot Wir arbeiten alle zusammen f\u00fcr ein perfektes&hellip;<\/p>\n<p> <a class=\"more-link\" href=\"https:\/\/www.molnopex.nl\/de\/molnopex\/stellenangebot\/\">Weiterlesen<\/a><\/p>\n","protected":false},"author":1,"featured_media":0,"parent":632,"menu_order":0,"comment_status":"closed","ping_status":"closed","template":"","meta":[],"acf":[],"yoast_head":"<!-- This site is optimized with the Yoast SEO plugin v19.4 - https:\/\/yoast.com\/wordpress\/plugins\/seo\/ -->\n<title>Stellenangebot &bull; Molnopex<\/title>\n<meta name=\"robots\" content=\"index, follow, max-snippet:-1, max-image-preview:large, max-video-preview:-1\" \/>\n<link rel=\"canonical\" href=\"https:\/\/www.molnopex.nl\/de\/molnopex\/stellenangebot\/\" \/>\n<meta property=\"og:locale\" content=\"de_DE\" \/>\n<meta property=\"og:type\" content=\"article\" \/>\n<meta property=\"og:title\" content=\"Stellenangebot &bull; Molnopex\" \/>\n<meta property=\"og:description\" content=\"[vc_row][vc_column width=&#8220;2\/3&#8243;][vc_column_text] Stellenangebot Wir arbeiten alle zusammen f\u00fcr ein perfektes&hellip;  Weiterlesen\" \/>\n<meta property=\"og:url\" content=\"https:\/\/www.molnopex.nl\/de\/molnopex\/stellenangebot\/\" \/>\n<meta property=\"og:site_name\" content=\"Molnopex\" \/>\n<meta property=\"article:modified_time\" content=\"2016-12-14T09:30:37+00:00\" \/>\n<meta name=\"twitter:card\" content=\"summary\" \/>\n<meta name=\"twitter:label1\" content=\"Gesch\u00e4tzte Lesezeit\" \/>\n\t<meta name=\"twitter:data1\" content=\"1\u00a0Minute\" \/>\n<script type=\"application\/ld+json\" class=\"yoast-schema-graph\">{\"@context\":\"https:\/\/schema.org\",\"@graph\":[{\"@type\":\"Organization\",\"@id\":\"https:\/\/www.molnopex.nl\/en\/#organization\",\"name\":\"Molnopex\",\"url\":\"https:\/\/www.molnopex.nl\/en\/\",\"sameAs\":[],\"logo\":{\"@type\":\"ImageObject\",\"inLanguage\":\"de\",\"@id\":\"https:\/\/www.molnopex.nl\/en\/#\/schema\/logo\/image\/\",\"url\":\"https:\/\/www.molnopex.nl\/wp-content\/uploads\/2021\/09\/cropped-Transparant-Molnopex.png\",\"contentUrl\":\"https:\/\/www.molnopex.nl\/wp-content\/uploads\/2021\/09\/cropped-Transparant-Molnopex.png\",\"width\":266,\"height\":127,\"caption\":\"Molnopex\"},\"image\":{\"@id\":\"https:\/\/www.molnopex.nl\/en\/#\/schema\/logo\/image\/\"}},{\"@type\":\"WebSite\",\"@id\":\"https:\/\/www.molnopex.nl\/en\/#website\",\"url\":\"https:\/\/www.molnopex.nl\/en\/\",\"name\":\"Molnopex\",\"description\":\"Molnopex B.V. een uien sorteer- en verpakkingsbedrijf te Emmeloord, Flevoland\",\"publisher\":{\"@id\":\"https:\/\/www.molnopex.nl\/en\/#organization\"},\"potentialAction\":[{\"@type\":\"SearchAction\",\"target\":{\"@type\":\"EntryPoint\",\"urlTemplate\":\"https:\/\/www.molnopex.nl\/en\/?s={search_term_string}\"},\"query-input\":\"required name=search_term_string\"}],\"inLanguage\":\"de\"},{\"@type\":\"WebPage\",\"@id\":\"https:\/\/www.molnopex.nl\/de\/molnopex\/stellenangebot\/\",\"url\":\"https:\/\/www.molnopex.nl\/de\/molnopex\/stellenangebot\/\",\"name\":\"Stellenangebot &bull; Molnopex\",\"isPartOf\":{\"@id\":\"https:\/\/www.molnopex.nl\/en\/#website\"},\"datePublished\":\"2016-11-15T09:06:32+00:00\",\"dateModified\":\"2016-12-14T09:30:37+00:00\",\"breadcrumb\":{\"@id\":\"https:\/\/www.molnopex.nl\/de\/molnopex\/stellenangebot\/#breadcrumb\"},\"inLanguage\":\"de\",\"potentialAction\":[{\"@type\":\"ReadAction\",\"target\":[\"https:\/\/www.molnopex.nl\/de\/molnopex\/stellenangebot\/\"]}]},{\"@type\":\"BreadcrumbList\",\"@id\":\"https:\/\/www.molnopex.nl\/de\/molnopex\/stellenangebot\/#breadcrumb\",\"itemListElement\":[{\"@type\":\"ListItem\",\"position\":1,\"name\":\"Home\",\"item\":\"https:\/\/www.molnopex.nl\/de\/\"},{\"@type\":\"ListItem\",\"position\":2,\"name\":\"Molnopex\",\"item\":\"https:\/\/www.molnopex.nl\/de\/molnopex\/\"},{\"@type\":\"ListItem\",\"position\":3,\"name\":\"Stellenangebot\"}]}]}<\/script>\n<!-- \/ Yoast SEO plugin. -->","yoast_head_json":{"title":"Stellenangebot &bull; Molnopex","robots":{"index":"index","follow":"follow","max-snippet":"max-snippet:-1","max-image-preview":"max-image-preview:large","max-video-preview":"max-video-preview:-1"},"canonical":"https:\/\/www.molnopex.nl\/de\/molnopex\/stellenangebot\/","og_locale":"de_DE","og_type":"article","og_title":"Stellenangebot &bull; Molnopex","og_description":"[vc_row][vc_column width=&#8220;2\/3&#8243;][vc_column_text] Stellenangebot Wir arbeiten alle zusammen f\u00fcr ein perfektes&hellip;  Weiterlesen","og_url":"https:\/\/www.molnopex.nl\/de\/molnopex\/stellenangebot\/","og_site_name":"Molnopex","article_modified_time":"2016-12-14T09:30:37+00:00","twitter_card":"summary","twitter_misc":{"Gesch\u00e4tzte Lesezeit":"1\u00a0Minute"},"schema":{"@context":"https:\/\/schema.org","@graph":[{"@type":"Organization","@id":"https:\/\/www.molnopex.nl\/en\/#organization","name":"Molnopex","url":"https:\/\/www.molnopex.nl\/en\/","sameAs":[],"logo":{"@type":"ImageObject","inLanguage":"de","@id":"https:\/\/www.molnopex.nl\/en\/#\/schema\/logo\/image\/","url":"https:\/\/www.molnopex.nl\/wp-content\/uploads\/2021\/09\/cropped-Transparant-Molnopex.png","contentUrl":"https:\/\/www.molnopex.nl\/wp-content\/uploads\/2021\/09\/cropped-Transparant-Molnopex.png","width":266,"height":127,"caption":"Molnopex"},"image":{"@id":"https:\/\/www.molnopex.nl\/en\/#\/schema\/logo\/image\/"}},{"@type":"WebSite","@id":"https:\/\/www.molnopex.nl\/en\/#website","url":"https:\/\/www.molnopex.nl\/en\/","name":"Molnopex","description":"Molnopex B.V. een uien sorteer- en verpakkingsbedrijf te Emmeloord, Flevoland","publisher":{"@id":"https:\/\/www.molnopex.nl\/en\/#organization"},"potentialAction":[{"@type":"SearchAction","target":{"@type":"EntryPoint","urlTemplate":"https:\/\/www.molnopex.nl\/en\/?s={search_term_string}"},"query-input":"required name=search_term_string"}],"inLanguage":"de"},{"@type":"WebPage","@id":"https:\/\/www.molnopex.nl\/de\/molnopex\/stellenangebot\/","url":"https:\/\/www.molnopex.nl\/de\/molnopex\/stellenangebot\/","name":"Stellenangebot &bull; Molnopex","isPartOf":{"@id":"https:\/\/www.molnopex.nl\/en\/#website"},"datePublished":"2016-11-15T09:06:32+00:00","dateModified":"2016-12-14T09:30:37+00:00","breadcrumb":{"@id":"https:\/\/www.molnopex.nl\/de\/molnopex\/stellenangebot\/#breadcrumb"},"inLanguage":"de","potentialAction":[{"@type":"ReadAction","target":["https:\/\/www.molnopex.nl\/de\/molnopex\/stellenangebot\/"]}]},{"@type":"BreadcrumbList","@id":"https:\/\/www.molnopex.nl\/de\/molnopex\/stellenangebot\/#breadcrumb","itemListElement":[{"@type":"ListItem","position":1,"name":"Home","item":"https:\/\/www.molnopex.nl\/de\/"},{"@type":"ListItem","position":2,"name":"Molnopex","item":"https:\/\/www.molnopex.nl\/de\/molnopex\/"},{"@type":"ListItem","position":3,"name":"Stellenangebot"}]}]}},"_links":{"self":[{"href":"https:\/\/www.molnopex.nl\/de\/wp-json\/wp\/v2\/pages\/641"}],"collection":[{"href":"https:\/\/www.molnopex.nl\/de\/wp-json\/wp\/v2\/pages"}],"about":[{"href":"https:\/\/www.molnopex.nl\/de\/wp-json\/wp\/v2\/types\/page"}],"author":[{"embeddable":true,"href":"https:\/\/www.molnopex.nl\/de\/wp-json\/wp\/v2\/users\/1"}],"replies":[{"embeddable":true,"href":"https:\/\/www.molnopex.nl\/de\/wp-json\/wp\/v2\/comments?post=641"}],"version-history":[{"count":4,"href":"https:\/\/www.molnopex.nl\/de\/wp-json\/wp\/v2\/pages\/641\/revisions"}],"predecessor-version":[{"id":1432,"href":"https:\/\/www.molnopex.nl\/de\/wp-json\/wp\/v2\/pages\/641\/revisions\/1432"}],"up":[{"embeddable":true,"href":"https:\/\/www.molnopex.nl\/de\/wp-json\/wp\/v2\/pages\/632"}],"wp:attachment":[{"href":"https:\/\/www.molnopex.nl\/de\/wp-json\/wp\/v2\/media?parent=641"}],"curies":[{"name":"wp","href":"https:\/\/api.w.org\/{rel}","templated":true}]}}