{"id":656,"date":"2016-11-15T09:21:15","date_gmt":"2016-11-15T09:21:15","guid":{"rendered":"https:\/\/molnopex.nl\/voor-telers\/?lang=de"},"modified":"2016-12-14T07:13:34","modified_gmt":"2016-12-14T07:13:34","slug":"bauern","status":"publish","type":"page","link":"https:\/\/www.molnopex.nl\/de\/bauern\/","title":{"rendered":"Bauern"},"content":{"rendered":"<p>[vc_row][vc_column width=&#8220;2\/3&#8243;][vc_column_text]<\/p>\n<p class=\"no-margin-top\"><strong>How we can cooperate.<\/strong><\/p>\n<p class=\"no-margin-top\">Molnopex zielt auf die Lieferung von Qualit\u00e4tszwiebeln.\u00a0 Wir sorgen f\u00fcr das Trocknen, die Verarbeitung (das Sortieren und Verpacken) und den Verkauf. In all diesen Phasen \u2013 vom Z\u00fcchter bis zum sortiert Abliefern \u2013 wird die Qualit\u00e4t eingehend \u00fcberpr\u00fcft.<\/p>\n<p class=\"no-margin-top\">Wir versuchen\u00a0zu produzieren mit\u00a0Umweltbewusstseins. Deshalb kaufen wir die Zwiebeln bevorzugt lokal. Aber wir liefern Ihnen unsere hochwertigen Zwiebelsets oder Samen, die nat\u00fcrlich h\u00f6chsten Anspr\u00fcchen gen\u00fcgen.<\/p>\n<p>[\/vc_column_text][vc_empty_space height=&#8220;40px&#8220;][\/vc_column][vc_column width=&#8220;1\/3&#8243;][vc_single_image image=&#8220;1268&#8243; img_size=&#8220;medium&#8220;][vc_empty_space][\/vc_column][\/vc_row]<\/p>\n","protected":false},"excerpt":{"rendered":"<p>[vc_row][vc_column width=&#8220;2\/3&#8243;][vc_column_text] How we can cooperate. Molnopex zielt auf die&hellip;<\/p>\n<p> <a class=\"more-link\" href=\"https:\/\/www.molnopex.nl\/de\/bauern\/\">Weiterlesen<\/a><\/p>\n","protected":false},"author":1,"featured_media":0,"parent":0,"menu_order":0,"comment_status":"closed","ping_status":"closed","template":"","meta":[],"acf":[],"yoast_head":"<!-- This site is optimized with the Yoast SEO plugin v19.4 - https:\/\/yoast.com\/wordpress\/plugins\/seo\/ -->\n<title>Bauern &bull; Molnopex<\/title>\n<meta name=\"robots\" content=\"index, follow, max-snippet:-1, max-image-preview:large, max-video-preview:-1\" \/>\n<link rel=\"canonical\" href=\"https:\/\/www.molnopex.nl\/de\/bauern\/\" \/>\n<meta property=\"og:locale\" content=\"de_DE\" \/>\n<meta property=\"og:type\" content=\"article\" \/>\n<meta property=\"og:title\" content=\"Bauern &bull; Molnopex\" \/>\n<meta property=\"og:description\" content=\"[vc_row][vc_column width=&#8220;2\/3&#8243;][vc_column_text] How we can cooperate. Molnopex zielt auf die&hellip;  Weiterlesen\" \/>\n<meta property=\"og:url\" content=\"https:\/\/www.molnopex.nl\/de\/bauern\/\" \/>\n<meta property=\"og:site_name\" content=\"Molnopex\" \/>\n<meta property=\"article:modified_time\" content=\"2016-12-14T07:13:34+00:00\" \/>\n<meta name=\"twitter:card\" content=\"summary\" \/>\n<meta name=\"twitter:label1\" content=\"Gesch\u00e4tzte Lesezeit\" \/>\n\t<meta name=\"twitter:data1\" content=\"1\u00a0Minute\" \/>\n<script type=\"application\/ld+json\" class=\"yoast-schema-graph\">{\"@context\":\"https:\/\/schema.org\",\"@graph\":[{\"@type\":\"Organization\",\"@id\":\"https:\/\/www.molnopex.nl\/en\/#organization\",\"name\":\"Molnopex\",\"url\":\"https:\/\/www.molnopex.nl\/en\/\",\"sameAs\":[],\"logo\":{\"@type\":\"ImageObject\",\"inLanguage\":\"de\",\"@id\":\"https:\/\/www.molnopex.nl\/en\/#\/schema\/logo\/image\/\",\"url\":\"https:\/\/www.molnopex.nl\/wp-content\/uploads\/2021\/09\/cropped-Transparant-Molnopex.png\",\"contentUrl\":\"https:\/\/www.molnopex.nl\/wp-content\/uploads\/2021\/09\/cropped-Transparant-Molnopex.png\",\"width\":266,\"height\":127,\"caption\":\"Molnopex\"},\"image\":{\"@id\":\"https:\/\/www.molnopex.nl\/en\/#\/schema\/logo\/image\/\"}},{\"@type\":\"WebSite\",\"@id\":\"https:\/\/www.molnopex.nl\/en\/#website\",\"url\":\"https:\/\/www.molnopex.nl\/en\/\",\"name\":\"Molnopex\",\"description\":\"Molnopex B.V. een uien sorteer- en verpakkingsbedrijf te Emmeloord, Flevoland\",\"publisher\":{\"@id\":\"https:\/\/www.molnopex.nl\/en\/#organization\"},\"potentialAction\":[{\"@type\":\"SearchAction\",\"target\":{\"@type\":\"EntryPoint\",\"urlTemplate\":\"https:\/\/www.molnopex.nl\/en\/?s={search_term_string}\"},\"query-input\":\"required name=search_term_string\"}],\"inLanguage\":\"de\"},{\"@type\":\"WebPage\",\"@id\":\"https:\/\/www.molnopex.nl\/de\/bauern\/\",\"url\":\"https:\/\/www.molnopex.nl\/de\/bauern\/\",\"name\":\"Bauern &bull; Molnopex\",\"isPartOf\":{\"@id\":\"https:\/\/www.molnopex.nl\/en\/#website\"},\"datePublished\":\"2016-11-15T09:21:15+00:00\",\"dateModified\":\"2016-12-14T07:13:34+00:00\",\"breadcrumb\":{\"@id\":\"https:\/\/www.molnopex.nl\/de\/bauern\/#breadcrumb\"},\"inLanguage\":\"de\",\"potentialAction\":[{\"@type\":\"ReadAction\",\"target\":[\"https:\/\/www.molnopex.nl\/de\/bauern\/\"]}]},{\"@type\":\"BreadcrumbList\",\"@id\":\"https:\/\/www.molnopex.nl\/de\/bauern\/#breadcrumb\",\"itemListElement\":[{\"@type\":\"ListItem\",\"position\":1,\"name\":\"Home\",\"item\":\"https:\/\/www.molnopex.nl\/de\/\"},{\"@type\":\"ListItem\",\"position\":2,\"name\":\"Bauern\"}]}]}<\/script>\n<!-- \/ Yoast SEO plugin. -->","yoast_head_json":{"title":"Bauern &bull; Molnopex","robots":{"index":"index","follow":"follow","max-snippet":"max-snippet:-1","max-image-preview":"max-image-preview:large","max-video-preview":"max-video-preview:-1"},"canonical":"https:\/\/www.molnopex.nl\/de\/bauern\/","og_locale":"de_DE","og_type":"article","og_title":"Bauern &bull; Molnopex","og_description":"[vc_row][vc_column width=&#8220;2\/3&#8243;][vc_column_text] How we can cooperate. Molnopex zielt auf die&hellip;  Weiterlesen","og_url":"https:\/\/www.molnopex.nl\/de\/bauern\/","og_site_name":"Molnopex","article_modified_time":"2016-12-14T07:13:34+00:00","twitter_card":"summary","twitter_misc":{"Gesch\u00e4tzte Lesezeit":"1\u00a0Minute"},"schema":{"@context":"https:\/\/schema.org","@graph":[{"@type":"Organization","@id":"https:\/\/www.molnopex.nl\/en\/#organization","name":"Molnopex","url":"https:\/\/www.molnopex.nl\/en\/","sameAs":[],"logo":{"@type":"ImageObject","inLanguage":"de","@id":"https:\/\/www.molnopex.nl\/en\/#\/schema\/logo\/image\/","url":"https:\/\/www.molnopex.nl\/wp-content\/uploads\/2021\/09\/cropped-Transparant-Molnopex.png","contentUrl":"https:\/\/www.molnopex.nl\/wp-content\/uploads\/2021\/09\/cropped-Transparant-Molnopex.png","width":266,"height":127,"caption":"Molnopex"},"image":{"@id":"https:\/\/www.molnopex.nl\/en\/#\/schema\/logo\/image\/"}},{"@type":"WebSite","@id":"https:\/\/www.molnopex.nl\/en\/#website","url":"https:\/\/www.molnopex.nl\/en\/","name":"Molnopex","description":"Molnopex B.V. een uien sorteer- en verpakkingsbedrijf te Emmeloord, Flevoland","publisher":{"@id":"https:\/\/www.molnopex.nl\/en\/#organization"},"potentialAction":[{"@type":"SearchAction","target":{"@type":"EntryPoint","urlTemplate":"https:\/\/www.molnopex.nl\/en\/?s={search_term_string}"},"query-input":"required name=search_term_string"}],"inLanguage":"de"},{"@type":"WebPage","@id":"https:\/\/www.molnopex.nl\/de\/bauern\/","url":"https:\/\/www.molnopex.nl\/de\/bauern\/","name":"Bauern &bull; Molnopex","isPartOf":{"@id":"https:\/\/www.molnopex.nl\/en\/#website"},"datePublished":"2016-11-15T09:21:15+00:00","dateModified":"2016-12-14T07:13:34+00:00","breadcrumb":{"@id":"https:\/\/www.molnopex.nl\/de\/bauern\/#breadcrumb"},"inLanguage":"de","potentialAction":[{"@type":"ReadAction","target":["https:\/\/www.molnopex.nl\/de\/bauern\/"]}]},{"@type":"BreadcrumbList","@id":"https:\/\/www.molnopex.nl\/de\/bauern\/#breadcrumb","itemListElement":[{"@type":"ListItem","position":1,"name":"Home","item":"https:\/\/www.molnopex.nl\/de\/"},{"@type":"ListItem","position":2,"name":"Bauern"}]}]}},"_links":{"self":[{"href":"https:\/\/www.molnopex.nl\/de\/wp-json\/wp\/v2\/pages\/656"}],"collection":[{"href":"https:\/\/www.molnopex.nl\/de\/wp-json\/wp\/v2\/pages"}],"about":[{"href":"https:\/\/www.molnopex.nl\/de\/wp-json\/wp\/v2\/types\/page"}],"author":[{"embeddable":true,"href":"https:\/\/www.molnopex.nl\/de\/wp-json\/wp\/v2\/users\/1"}],"replies":[{"embeddable":true,"href":"https:\/\/www.molnopex.nl\/de\/wp-json\/wp\/v2\/comments?post=656"}],"version-history":[{"count":6,"href":"https:\/\/www.molnopex.nl\/de\/wp-json\/wp\/v2\/pages\/656\/revisions"}],"predecessor-version":[{"id":1395,"href":"https:\/\/www.molnopex.nl\/de\/wp-json\/wp\/v2\/pages\/656\/revisions\/1395"}],"wp:attachment":[{"href":"https:\/\/www.molnopex.nl\/de\/wp-json\/wp\/v2\/media?parent=656"}],"curies":[{"name":"wp","href":"https:\/\/api.w.org\/{rel}","templated":true}]}}