{"id":660,"date":"2016-11-15T09:23:57","date_gmt":"2016-11-15T09:23:57","guid":{"rendered":"https:\/\/molnopex.nl\/consument\/?lang=de"},"modified":"2016-12-13T15:46:39","modified_gmt":"2016-12-13T15:46:39","slug":"konzument","status":"publish","type":"page","link":"https:\/\/www.molnopex.nl\/de\/konzument\/","title":{"rendered":"Konzument"},"content":{"rendered":"<p>[vc_row][vc_column width=&#8220;2\/3&#8243;][vc_column_text]<\/p>\n<p><strong>Ui, ajuin, onion und oignon<\/strong><\/p>\n<p>Der kennzeichnende scharfe Geschmack und Duft der Zwiebel werden von den fl\u00fcchtigen \u00d6len verursacht. Diese werden erst frei, wenn man die Zwiebel zerschneidet. Gerade diese \u00d6le machen die Zwiebel zu einem gesunden Zutat. Im Altertum glaubte man, dass durch die Zwiebel die physische Kraft zun\u00e4hme und Krankheiten verh\u00fctet werden k\u00f6nnten. Die gelbe und rote Zwiebel sind bei fast allen weitaus bekannt. Aber es gibt auch die Wei\u00df-, S\u00fc\u00df- und Cocktailzwiebel und Schalotte.<\/p>\n<p>Die W\u00f6rter Zwiebel und Lauch stammen aus den lateinischen W\u00f6rtern \u2018Allium cepa, bzw. Allium porrum oder ampeloprasum\u2018. Dieser Name bezieht sich spezifisch auf die Pflanz- und Saatzwiebel. Die niederl\u00e4ndischen Namen ajuin und uien sind mit dem englischen onion und dem franz\u00f6sischen oignon verwandt. Da viele Mehrzahlbildungen im Niederl\u00e4ndischen auf en enden, wurde die urspr\u00fcnglicheEinzahlform zur Mehrzahlform und entstand eine neue Einzahlform ui. Im S\u00fcden der Niederlande und Flandern werden oft die Namen ajuin und juin gebraucht und im Norden der Niederlande h\u00f6rt man oft das Wort siepel.<\/p>\n<p>(Quelle: <a class=\"text_link\" href=\"http:\/\/www.groentenenfruit.nl\/\" target=\"top\">http:\/\/www.groenteenfruit.nl<\/a>)<\/p>\n<p>&nbsp;<\/p>\n<p>[\/vc_column_text][\/vc_column][vc_column width=&#8220;1\/3&#8243;][vc_gallery interval=&#8220;3&#8243; images=&#8220;1118,1258,1259,1260,1261&#8243; img_size=&#8220;medium&#8220;][\/vc_column][\/vc_row][vc_row][vc_column][\/vc_column][\/vc_row]<\/p>\n","protected":false},"excerpt":{"rendered":"<p>[vc_row][vc_column width=&#8220;2\/3&#8243;][vc_column_text] Ui, ajuin, onion und oignon Der kennzeichnende scharfe&hellip;<\/p>\n<p> <a class=\"more-link\" href=\"https:\/\/www.molnopex.nl\/de\/konzument\/\">Weiterlesen<\/a><\/p>\n","protected":false},"author":1,"featured_media":0,"parent":0,"menu_order":0,"comment_status":"closed","ping_status":"closed","template":"","meta":[],"acf":[],"yoast_head":"<!-- This site is optimized with the Yoast SEO plugin v19.4 - https:\/\/yoast.com\/wordpress\/plugins\/seo\/ -->\n<title>Konzument &bull; Molnopex<\/title>\n<meta name=\"robots\" content=\"index, follow, max-snippet:-1, max-image-preview:large, max-video-preview:-1\" \/>\n<link rel=\"canonical\" href=\"https:\/\/www.molnopex.nl\/de\/konzument\/\" \/>\n<meta property=\"og:locale\" content=\"de_DE\" \/>\n<meta property=\"og:type\" content=\"article\" \/>\n<meta property=\"og:title\" content=\"Konzument &bull; Molnopex\" \/>\n<meta property=\"og:description\" content=\"[vc_row][vc_column width=&#8220;2\/3&#8243;][vc_column_text] Ui, ajuin, onion und oignon Der kennzeichnende scharfe&hellip;  Weiterlesen\" \/>\n<meta property=\"og:url\" content=\"https:\/\/www.molnopex.nl\/de\/konzument\/\" \/>\n<meta property=\"og:site_name\" content=\"Molnopex\" \/>\n<meta property=\"article:modified_time\" content=\"2016-12-13T15:46:39+00:00\" \/>\n<meta name=\"twitter:card\" content=\"summary\" \/>\n<meta name=\"twitter:label1\" content=\"Gesch\u00e4tzte Lesezeit\" \/>\n\t<meta name=\"twitter:data1\" content=\"1\u00a0Minute\" \/>\n<script type=\"application\/ld+json\" class=\"yoast-schema-graph\">{\"@context\":\"https:\/\/schema.org\",\"@graph\":[{\"@type\":\"Organization\",\"@id\":\"https:\/\/www.molnopex.nl\/en\/#organization\",\"name\":\"Molnopex\",\"url\":\"https:\/\/www.molnopex.nl\/en\/\",\"sameAs\":[],\"logo\":{\"@type\":\"ImageObject\",\"inLanguage\":\"de\",\"@id\":\"https:\/\/www.molnopex.nl\/en\/#\/schema\/logo\/image\/\",\"url\":\"https:\/\/www.molnopex.nl\/wp-content\/uploads\/2021\/09\/cropped-Transparant-Molnopex.png\",\"contentUrl\":\"https:\/\/www.molnopex.nl\/wp-content\/uploads\/2021\/09\/cropped-Transparant-Molnopex.png\",\"width\":266,\"height\":127,\"caption\":\"Molnopex\"},\"image\":{\"@id\":\"https:\/\/www.molnopex.nl\/en\/#\/schema\/logo\/image\/\"}},{\"@type\":\"WebSite\",\"@id\":\"https:\/\/www.molnopex.nl\/en\/#website\",\"url\":\"https:\/\/www.molnopex.nl\/en\/\",\"name\":\"Molnopex\",\"description\":\"Molnopex B.V. een uien sorteer- en verpakkingsbedrijf te Emmeloord, Flevoland\",\"publisher\":{\"@id\":\"https:\/\/www.molnopex.nl\/en\/#organization\"},\"potentialAction\":[{\"@type\":\"SearchAction\",\"target\":{\"@type\":\"EntryPoint\",\"urlTemplate\":\"https:\/\/www.molnopex.nl\/en\/?s={search_term_string}\"},\"query-input\":\"required name=search_term_string\"}],\"inLanguage\":\"de\"},{\"@type\":\"WebPage\",\"@id\":\"https:\/\/www.molnopex.nl\/de\/konzument\/\",\"url\":\"https:\/\/www.molnopex.nl\/de\/konzument\/\",\"name\":\"Konzument &bull; Molnopex\",\"isPartOf\":{\"@id\":\"https:\/\/www.molnopex.nl\/en\/#website\"},\"datePublished\":\"2016-11-15T09:23:57+00:00\",\"dateModified\":\"2016-12-13T15:46:39+00:00\",\"breadcrumb\":{\"@id\":\"https:\/\/www.molnopex.nl\/de\/konzument\/#breadcrumb\"},\"inLanguage\":\"de\",\"potentialAction\":[{\"@type\":\"ReadAction\",\"target\":[\"https:\/\/www.molnopex.nl\/de\/konzument\/\"]}]},{\"@type\":\"BreadcrumbList\",\"@id\":\"https:\/\/www.molnopex.nl\/de\/konzument\/#breadcrumb\",\"itemListElement\":[{\"@type\":\"ListItem\",\"position\":1,\"name\":\"Home\",\"item\":\"https:\/\/www.molnopex.nl\/de\/\"},{\"@type\":\"ListItem\",\"position\":2,\"name\":\"Konzument\"}]}]}<\/script>\n<!-- \/ Yoast SEO plugin. -->","yoast_head_json":{"title":"Konzument &bull; Molnopex","robots":{"index":"index","follow":"follow","max-snippet":"max-snippet:-1","max-image-preview":"max-image-preview:large","max-video-preview":"max-video-preview:-1"},"canonical":"https:\/\/www.molnopex.nl\/de\/konzument\/","og_locale":"de_DE","og_type":"article","og_title":"Konzument &bull; Molnopex","og_description":"[vc_row][vc_column width=&#8220;2\/3&#8243;][vc_column_text] Ui, ajuin, onion und oignon Der kennzeichnende scharfe&hellip;  Weiterlesen","og_url":"https:\/\/www.molnopex.nl\/de\/konzument\/","og_site_name":"Molnopex","article_modified_time":"2016-12-13T15:46:39+00:00","twitter_card":"summary","twitter_misc":{"Gesch\u00e4tzte Lesezeit":"1\u00a0Minute"},"schema":{"@context":"https:\/\/schema.org","@graph":[{"@type":"Organization","@id":"https:\/\/www.molnopex.nl\/en\/#organization","name":"Molnopex","url":"https:\/\/www.molnopex.nl\/en\/","sameAs":[],"logo":{"@type":"ImageObject","inLanguage":"de","@id":"https:\/\/www.molnopex.nl\/en\/#\/schema\/logo\/image\/","url":"https:\/\/www.molnopex.nl\/wp-content\/uploads\/2021\/09\/cropped-Transparant-Molnopex.png","contentUrl":"https:\/\/www.molnopex.nl\/wp-content\/uploads\/2021\/09\/cropped-Transparant-Molnopex.png","width":266,"height":127,"caption":"Molnopex"},"image":{"@id":"https:\/\/www.molnopex.nl\/en\/#\/schema\/logo\/image\/"}},{"@type":"WebSite","@id":"https:\/\/www.molnopex.nl\/en\/#website","url":"https:\/\/www.molnopex.nl\/en\/","name":"Molnopex","description":"Molnopex B.V. een uien sorteer- en verpakkingsbedrijf te Emmeloord, Flevoland","publisher":{"@id":"https:\/\/www.molnopex.nl\/en\/#organization"},"potentialAction":[{"@type":"SearchAction","target":{"@type":"EntryPoint","urlTemplate":"https:\/\/www.molnopex.nl\/en\/?s={search_term_string}"},"query-input":"required name=search_term_string"}],"inLanguage":"de"},{"@type":"WebPage","@id":"https:\/\/www.molnopex.nl\/de\/konzument\/","url":"https:\/\/www.molnopex.nl\/de\/konzument\/","name":"Konzument &bull; Molnopex","isPartOf":{"@id":"https:\/\/www.molnopex.nl\/en\/#website"},"datePublished":"2016-11-15T09:23:57+00:00","dateModified":"2016-12-13T15:46:39+00:00","breadcrumb":{"@id":"https:\/\/www.molnopex.nl\/de\/konzument\/#breadcrumb"},"inLanguage":"de","potentialAction":[{"@type":"ReadAction","target":["https:\/\/www.molnopex.nl\/de\/konzument\/"]}]},{"@type":"BreadcrumbList","@id":"https:\/\/www.molnopex.nl\/de\/konzument\/#breadcrumb","itemListElement":[{"@type":"ListItem","position":1,"name":"Home","item":"https:\/\/www.molnopex.nl\/de\/"},{"@type":"ListItem","position":2,"name":"Konzument"}]}]}},"_links":{"self":[{"href":"https:\/\/www.molnopex.nl\/de\/wp-json\/wp\/v2\/pages\/660"}],"collection":[{"href":"https:\/\/www.molnopex.nl\/de\/wp-json\/wp\/v2\/pages"}],"about":[{"href":"https:\/\/www.molnopex.nl\/de\/wp-json\/wp\/v2\/types\/page"}],"author":[{"embeddable":true,"href":"https:\/\/www.molnopex.nl\/de\/wp-json\/wp\/v2\/users\/1"}],"replies":[{"embeddable":true,"href":"https:\/\/www.molnopex.nl\/de\/wp-json\/wp\/v2\/comments?post=660"}],"version-history":[{"count":8,"href":"https:\/\/www.molnopex.nl\/de\/wp-json\/wp\/v2\/pages\/660\/revisions"}],"predecessor-version":[{"id":1376,"href":"https:\/\/www.molnopex.nl\/de\/wp-json\/wp\/v2\/pages\/660\/revisions\/1376"}],"wp:attachment":[{"href":"https:\/\/www.molnopex.nl\/de\/wp-json\/wp\/v2\/media?parent=660"}],"curies":[{"name":"wp","href":"https:\/\/api.w.org\/{rel}","templated":true}]}}