{"id":666,"date":"2016-11-15T09:25:02","date_gmt":"2016-11-15T09:25:02","guid":{"rendered":"https:\/\/molnopex.nl\/consument\/uien-zijn-gezond\/?lang=de"},"modified":"2016-12-13T15:51:54","modified_gmt":"2016-12-13T15:51:54","slug":"zwiebel-gesund","status":"publish","type":"page","link":"https:\/\/www.molnopex.nl\/de\/konzument\/zwiebel-gesund\/","title":{"rendered":"Zwiebel; gesund und voller Vitaminen"},"content":{"rendered":"<p>[vc_row][vc_column width=&#8220;2\/3&#8243;][vc_column_text]<\/p>\n<p><strong>Zwiebel; gesund und voller Vitaminen<\/strong><\/p>\n<p>Zwiebeln sind gesund. Aus Forschung hat sich erwiesen, dass eine Zwiebel ein hoher Gehalt Quercetin enth\u00e4lt. Dieses Quercetin wirkt im K\u00f6rper als Schutz gegen Herz- und Gef\u00e4\u00dfkrankheiten. Es geh\u00f6rt zu den Antioxidantien, die auch viel in Tee, Rotwein und \u00c4pfeln vorkommen.<\/p>\n<p>Auch enthalten Zwiebeln viele Antioxidantien, die freie Radikale unwirksam machen. Freie Radikale spiel u.a. eine Rolle beim Entstehen verschiedener Krebsarten. Es ist darum wichtig, daf\u00fcr zu sorgen, dass es gen\u00fcgend Antioxidantien gibt. Vitamin C, Vitamin E und Beta-Karotin sind bekannte Beispiele. Zwiebeln enthalten schon f\u00fcnf- bis zehnmal so viel Antioxidantien als andere Gem\u00fcsearten.<\/p>\n<p>Auch enth\u00e4lt die Zwiebel, genauso wie alle anderen Gem\u00fcsearten, wenig Kalorien und kein Fett. Mit einer extra Zwiebel im Salat, oder einigen gebr\u00e4unten Zwiebelringen beim Fleisch gibt man wohl viel Geschmack, aber fast keine Kalorien hinzu. Wichtig ist auch, dass 100 g Zwiebeln genauso viele Fasern enthalten als eine Scheibe Weizenbrot.<\/p>\n<p>Wenn Sie mehr \u00fcber die Zwiebel wissen m\u00f6chten, bitte sehen Sie dann auf unsere Quelle: <a class=\"text_link\" href=\"http:\/\/programma.groentenenfruit.nl\/ui\" target=\"top\">http:\/\/programma.groentenenfruit.nl\/ui<\/a>.<\/p>\n<p>&nbsp;<\/p>\n<p>[\/vc_column_text][\/vc_column][vc_column width=&#8220;1\/3&#8243;][vc_single_image image=&#8220;1271&#8243; img_size=&#8220;medium&#8220;][\/vc_column][\/vc_row][vc_row][vc_column][\/vc_column][\/vc_row]<\/p>\n","protected":false},"excerpt":{"rendered":"<p>[vc_row][vc_column width=&#8220;2\/3&#8243;][vc_column_text] Zwiebel; gesund und voller Vitaminen Zwiebeln sind gesund.&hellip;<\/p>\n<p> <a class=\"more-link\" href=\"https:\/\/www.molnopex.nl\/de\/konzument\/zwiebel-gesund\/\">Weiterlesen<\/a><\/p>\n","protected":false},"author":1,"featured_media":0,"parent":660,"menu_order":0,"comment_status":"closed","ping_status":"closed","template":"","meta":[],"acf":[],"yoast_head":"<!-- This site is optimized with the Yoast SEO plugin v19.4 - https:\/\/yoast.com\/wordpress\/plugins\/seo\/ -->\n<title>Zwiebel; gesund und voller Vitaminen &bull; Molnopex<\/title>\n<meta name=\"robots\" content=\"index, follow, max-snippet:-1, max-image-preview:large, max-video-preview:-1\" \/>\n<link rel=\"canonical\" href=\"https:\/\/www.molnopex.nl\/de\/konzument\/zwiebel-gesund\/\" \/>\n<meta property=\"og:locale\" content=\"de_DE\" \/>\n<meta property=\"og:type\" content=\"article\" \/>\n<meta property=\"og:title\" content=\"Zwiebel; gesund und voller Vitaminen &bull; Molnopex\" \/>\n<meta property=\"og:description\" content=\"[vc_row][vc_column width=&#8220;2\/3&#8243;][vc_column_text] Zwiebel; gesund und voller Vitaminen Zwiebeln sind gesund.&hellip;  Weiterlesen\" \/>\n<meta property=\"og:url\" content=\"https:\/\/www.molnopex.nl\/de\/konzument\/zwiebel-gesund\/\" \/>\n<meta property=\"og:site_name\" content=\"Molnopex\" \/>\n<meta property=\"article:modified_time\" content=\"2016-12-13T15:51:54+00:00\" \/>\n<meta name=\"twitter:card\" content=\"summary\" \/>\n<meta name=\"twitter:label1\" content=\"Gesch\u00e4tzte Lesezeit\" \/>\n\t<meta name=\"twitter:data1\" content=\"1\u00a0Minute\" \/>\n<script type=\"application\/ld+json\" class=\"yoast-schema-graph\">{\"@context\":\"https:\/\/schema.org\",\"@graph\":[{\"@type\":\"Organization\",\"@id\":\"https:\/\/www.molnopex.nl\/en\/#organization\",\"name\":\"Molnopex\",\"url\":\"https:\/\/www.molnopex.nl\/en\/\",\"sameAs\":[],\"logo\":{\"@type\":\"ImageObject\",\"inLanguage\":\"de\",\"@id\":\"https:\/\/www.molnopex.nl\/en\/#\/schema\/logo\/image\/\",\"url\":\"https:\/\/www.molnopex.nl\/wp-content\/uploads\/2021\/09\/cropped-Transparant-Molnopex.png\",\"contentUrl\":\"https:\/\/www.molnopex.nl\/wp-content\/uploads\/2021\/09\/cropped-Transparant-Molnopex.png\",\"width\":266,\"height\":127,\"caption\":\"Molnopex\"},\"image\":{\"@id\":\"https:\/\/www.molnopex.nl\/en\/#\/schema\/logo\/image\/\"}},{\"@type\":\"WebSite\",\"@id\":\"https:\/\/www.molnopex.nl\/en\/#website\",\"url\":\"https:\/\/www.molnopex.nl\/en\/\",\"name\":\"Molnopex\",\"description\":\"Molnopex B.V. een uien sorteer- en verpakkingsbedrijf te Emmeloord, Flevoland\",\"publisher\":{\"@id\":\"https:\/\/www.molnopex.nl\/en\/#organization\"},\"potentialAction\":[{\"@type\":\"SearchAction\",\"target\":{\"@type\":\"EntryPoint\",\"urlTemplate\":\"https:\/\/www.molnopex.nl\/en\/?s={search_term_string}\"},\"query-input\":\"required name=search_term_string\"}],\"inLanguage\":\"de\"},{\"@type\":\"WebPage\",\"@id\":\"https:\/\/www.molnopex.nl\/de\/konzument\/zwiebel-gesund\/\",\"url\":\"https:\/\/www.molnopex.nl\/de\/konzument\/zwiebel-gesund\/\",\"name\":\"Zwiebel; gesund und voller Vitaminen &bull; Molnopex\",\"isPartOf\":{\"@id\":\"https:\/\/www.molnopex.nl\/en\/#website\"},\"datePublished\":\"2016-11-15T09:25:02+00:00\",\"dateModified\":\"2016-12-13T15:51:54+00:00\",\"breadcrumb\":{\"@id\":\"https:\/\/www.molnopex.nl\/de\/konzument\/zwiebel-gesund\/#breadcrumb\"},\"inLanguage\":\"de\",\"potentialAction\":[{\"@type\":\"ReadAction\",\"target\":[\"https:\/\/www.molnopex.nl\/de\/konzument\/zwiebel-gesund\/\"]}]},{\"@type\":\"BreadcrumbList\",\"@id\":\"https:\/\/www.molnopex.nl\/de\/konzument\/zwiebel-gesund\/#breadcrumb\",\"itemListElement\":[{\"@type\":\"ListItem\",\"position\":1,\"name\":\"Home\",\"item\":\"https:\/\/www.molnopex.nl\/de\/\"},{\"@type\":\"ListItem\",\"position\":2,\"name\":\"Konzument\",\"item\":\"https:\/\/www.molnopex.nl\/de\/konzument\/\"},{\"@type\":\"ListItem\",\"position\":3,\"name\":\"Zwiebel; gesund und voller Vitaminen\"}]}]}<\/script>\n<!-- \/ Yoast SEO plugin. -->","yoast_head_json":{"title":"Zwiebel; gesund und voller Vitaminen &bull; Molnopex","robots":{"index":"index","follow":"follow","max-snippet":"max-snippet:-1","max-image-preview":"max-image-preview:large","max-video-preview":"max-video-preview:-1"},"canonical":"https:\/\/www.molnopex.nl\/de\/konzument\/zwiebel-gesund\/","og_locale":"de_DE","og_type":"article","og_title":"Zwiebel; gesund und voller Vitaminen &bull; Molnopex","og_description":"[vc_row][vc_column width=&#8220;2\/3&#8243;][vc_column_text] Zwiebel; gesund und voller Vitaminen Zwiebeln sind gesund.&hellip;  Weiterlesen","og_url":"https:\/\/www.molnopex.nl\/de\/konzument\/zwiebel-gesund\/","og_site_name":"Molnopex","article_modified_time":"2016-12-13T15:51:54+00:00","twitter_card":"summary","twitter_misc":{"Gesch\u00e4tzte Lesezeit":"1\u00a0Minute"},"schema":{"@context":"https:\/\/schema.org","@graph":[{"@type":"Organization","@id":"https:\/\/www.molnopex.nl\/en\/#organization","name":"Molnopex","url":"https:\/\/www.molnopex.nl\/en\/","sameAs":[],"logo":{"@type":"ImageObject","inLanguage":"de","@id":"https:\/\/www.molnopex.nl\/en\/#\/schema\/logo\/image\/","url":"https:\/\/www.molnopex.nl\/wp-content\/uploads\/2021\/09\/cropped-Transparant-Molnopex.png","contentUrl":"https:\/\/www.molnopex.nl\/wp-content\/uploads\/2021\/09\/cropped-Transparant-Molnopex.png","width":266,"height":127,"caption":"Molnopex"},"image":{"@id":"https:\/\/www.molnopex.nl\/en\/#\/schema\/logo\/image\/"}},{"@type":"WebSite","@id":"https:\/\/www.molnopex.nl\/en\/#website","url":"https:\/\/www.molnopex.nl\/en\/","name":"Molnopex","description":"Molnopex B.V. een uien sorteer- en verpakkingsbedrijf te Emmeloord, Flevoland","publisher":{"@id":"https:\/\/www.molnopex.nl\/en\/#organization"},"potentialAction":[{"@type":"SearchAction","target":{"@type":"EntryPoint","urlTemplate":"https:\/\/www.molnopex.nl\/en\/?s={search_term_string}"},"query-input":"required name=search_term_string"}],"inLanguage":"de"},{"@type":"WebPage","@id":"https:\/\/www.molnopex.nl\/de\/konzument\/zwiebel-gesund\/","url":"https:\/\/www.molnopex.nl\/de\/konzument\/zwiebel-gesund\/","name":"Zwiebel; gesund und voller Vitaminen &bull; Molnopex","isPartOf":{"@id":"https:\/\/www.molnopex.nl\/en\/#website"},"datePublished":"2016-11-15T09:25:02+00:00","dateModified":"2016-12-13T15:51:54+00:00","breadcrumb":{"@id":"https:\/\/www.molnopex.nl\/de\/konzument\/zwiebel-gesund\/#breadcrumb"},"inLanguage":"de","potentialAction":[{"@type":"ReadAction","target":["https:\/\/www.molnopex.nl\/de\/konzument\/zwiebel-gesund\/"]}]},{"@type":"BreadcrumbList","@id":"https:\/\/www.molnopex.nl\/de\/konzument\/zwiebel-gesund\/#breadcrumb","itemListElement":[{"@type":"ListItem","position":1,"name":"Home","item":"https:\/\/www.molnopex.nl\/de\/"},{"@type":"ListItem","position":2,"name":"Konzument","item":"https:\/\/www.molnopex.nl\/de\/konzument\/"},{"@type":"ListItem","position":3,"name":"Zwiebel; gesund und voller Vitaminen"}]}]}},"_links":{"self":[{"href":"https:\/\/www.molnopex.nl\/de\/wp-json\/wp\/v2\/pages\/666"}],"collection":[{"href":"https:\/\/www.molnopex.nl\/de\/wp-json\/wp\/v2\/pages"}],"about":[{"href":"https:\/\/www.molnopex.nl\/de\/wp-json\/wp\/v2\/types\/page"}],"author":[{"embeddable":true,"href":"https:\/\/www.molnopex.nl\/de\/wp-json\/wp\/v2\/users\/1"}],"replies":[{"embeddable":true,"href":"https:\/\/www.molnopex.nl\/de\/wp-json\/wp\/v2\/comments?post=666"}],"version-history":[{"count":3,"href":"https:\/\/www.molnopex.nl\/de\/wp-json\/wp\/v2\/pages\/666\/revisions"}],"predecessor-version":[{"id":1378,"href":"https:\/\/www.molnopex.nl\/de\/wp-json\/wp\/v2\/pages\/666\/revisions\/1378"}],"up":[{"embeddable":true,"href":"https:\/\/www.molnopex.nl\/de\/wp-json\/wp\/v2\/pages\/660"}],"wp:attachment":[{"href":"https:\/\/www.molnopex.nl\/de\/wp-json\/wp\/v2\/media?parent=666"}],"curies":[{"name":"wp","href":"https:\/\/api.w.org\/{rel}","templated":true}]}}