{"id":670,"date":"2016-11-15T09:25:55","date_gmt":"2016-11-15T09:25:55","guid":{"rendered":"https:\/\/molnopex.nl\/consument\/zelf-doen\/?lang=de"},"modified":"2016-12-13T16:05:29","modified_gmt":"2016-12-13T16:05:29","slug":"selbsttaetigkeit","status":"publish","type":"page","link":"https:\/\/www.molnopex.nl\/de\/konzument\/selbsttaetigkeit\/","title":{"rendered":"Selbstt\u00e4tigkeit"},"content":{"rendered":"<p>[vc_row][vc_column width=&#8220;2\/3&#8243;][vc_column_text]<\/p>\n<p><strong>Selbst machen?<\/strong><\/p>\n<p>F\u00fcr den eigenen Gebrauch k\u00f6nnen Zwiebeln auf fast allen Bodenarten angebaut werden. Es mag sein, dass man zuerst &#8211; namentlich f\u00fcr den sauren Boden oder Sandboden &#8211; noch Kalk hindurcharbeiten muss. Es ist wohl wichtig den Boden gut zu d\u00fcngen. Organischer D\u00fcnger oder Kunstd\u00fcnger wirkt am besten, denn Stalld\u00fcnger k\u00f6nnte Zwiebelfliegen anziehen. Der organische D\u00fcnger muss vor der Wachstumssaison untergraben werden und Kunstd\u00fcnger ist w\u00e4hrend des Anbaus anzuwenden. Man muss aber darauf achten, nicht zu viel D\u00fcnger zu gebrauchen, denn das k\u00f6nnte wieder negativ auf die Qualit\u00e4t der Zwiebeln wirken. Es ist empfehlenswert, genauso wie die Bauern den Anbauboden zu wechseln. Bepflanze oder bes\u00e4e einmal in den sechs Jahren dasselbe Grundst\u00fcck mit Zwiebeln. Dies verhindert Bodenersch\u00f6pfung und verringert die M\u00f6glichkeit, dass Krankheiten oder Seuchen entstehen.<\/p>\n<p><strong>Saatzwiebeln z\u00fcchten<\/strong><\/p>\n<p>Saatzwiebeln kann man besser aufbewahren und k\u00f6nnen sp\u00e4ter geerntet werden als Pflanzzwiebeln, aber sie brauchen auch mehr Zeit zum Auswachsen. <strong>Was muss man machen? <\/strong>Sobald das Wetter es zul\u00e4sst, kann man das Saatgut zwischen Ende Februar und Anfang M\u00e4rz auss\u00e4en. Je sp\u00e4ter ausges\u00e4t wird, desto besser kommt das Saatgut auf. S\u00e4e das Zwiebelsaatgut in Reihen mit Reihenabstand von 25 cm.\u00a0 Lass 5 \u2013 7 cm zwischen den Samen, damit die Zwiebel sp\u00e4ter ausreichend Platz zum Wachsen hat. S\u00e4e das Zwiebelsaatgut in einer Tiefe von 2 cm. Halte den Boden in den n\u00e4chsten Monaten unkrautfrei.\u00a0Die Zwiebeln sind ungef\u00e4hr im August oder September erntereif, wenn das Laub sich gelegt hat. Lass die Zwiebeln auf dem Saatbeet trocknen. Dies kann aber auch auf einem dunklen, trockenen Platz im Hause. Man kann die Zwiebeln am besten bei einer Temperatur von 20 Grad Celsius und im Winde trocknen lassen. (Wenn es zu feucht ist, beim Heizkessel und einem Ventilator.)<\/p>\n<p><strong>Saatzwiebeln aufbewahren; <\/strong>Die Zwiebeln kann man am besten trocken, wenn das Laub abgestorben ist. In einem k\u00fchlen, frostfreien Raum k\u00f6nnen die Zwiebeln bis M\u00e4rz oder April aufbewahrt werden. Kontrolliere die Zwiebeln regelm\u00e4\u00dfig, damit sie nicht zu feucht anf\u00fchlen. Achte gut auf Besch\u00e4digungen, denn eine Besch\u00e4digung kann Verfaulung verursachen. Eine faule Zwiebel steckt sehr schnell andere an. <strong>Wie bewahre ich die Zwiebeln zu Hause auf ; <\/strong>Die Zwiebeln m\u00fcssen hart sein und eine trockene Schale haben. Sorge daf\u00fcr, dass die St\u00e4ngel ungef\u00e4hr 3 cm lang sind. Bewahre die Zwiebel an einem k\u00fchlen (12 \u2013 15 Grad Celsius), dunklen und trockenen Platz, aber nicht im K\u00fchlschrank. Auf diese Weise kann man die Zwiebeln einige Wochen bis zu 2 Monaten aufbewahren. Je k\u00fchler der Lagerplatz ist, desto l\u00e4nger wird kann man die Zwiebeln aufbewahren.<\/p>\n<p>&nbsp;<\/p>\n<p><strong>Pflanzzwiebeln z\u00fcchten<\/strong><\/p>\n<p>Wenn man sich daf\u00fcr entscheidet, Pflanzzwiebeln zu z\u00fcchten, dann muss man wissen, dass die Zucht zweierlei ist: Erstjahrzwiebeln und Zweitjahrzwiebeln. Im ersten Jahr werden die Zwiebeln aufgez\u00fcchtet und im zweiten Jahr ausgepflanzt. <strong>Was muss man machen? <\/strong>S\u00e4e die Erstjahrspflanzziebeln zwischen Ende M\u00e4rz und Anfang April in nur ein paar Zentimeter tiefe Rinnen aus und pflanze die Zwiebeln ca. 1 bis 1,5 cm aus einander. Lass zwischen den Rinnen ungef\u00e4hr 20 cm frei. Wenn die Zwiebeln zu wachsen anfangen, m\u00fcssen sie nicht ausged\u00fcnnt werden. Um die zweite H\u00e4lfte des Monats Juni k\u00f6nnen die kleinen Zwiebeln mit Durchschnittsgr\u00f6\u00dfe von 10 \u2013 20 mm geerntet werden.\u00a0Ziehe die kleinen Zwiebeln aus dem Boden und lass sie gut trocknen, damit das Laub abstirbt. Trockne bei einer Temperatur von 20 Grad Celsius. Wenn das Laub abgestorben ist, muss das Laub dicht an der Zwiebelhaut abgeschnitten werden, damit sie nicht verfaulen. Lagere die Zwiebeln zwischen den Monaten August und M\u00e4rz. Achte auf eine gute Konservierungstemperatur, diese ist Rasse bedingt.<\/p>\n<p>Im n\u00e4chsten Jahr werden die Zweitjahrzwiebeln wieder in Reihen mit Reihenabstand von ca. 30 cm ausgepflanzt. Die Zwiebeln stehen 10 cm auseinander. Dr\u00fccke die kleinen Zwiebeln in den gelockerten Boden und bedecke sie mit einer d\u00fcnnen Schicht Erde. Halte den Boden um die Zwiebeln herum unkrautfrei. Man kann einen armen Boden eventuell extra d\u00fcngen. Durchschnittlich kann man die Zwiebeln, nachdem das Laub abgestorben ist und sich gelegt hat, Mitte August ernten. <strong>Das Aufbewahren der Pflanzzwiebeln; <\/strong>Pflanzzwiebeln kann man einige Monate problemlos aufbewahren. Man muss die Pflanzzwiebeln k\u00fchl und im Dunkeln lagern. Es ist nicht notwendig, das abgestorbene Laub und die braune Haut der Zwiebeln zu entfernen, sie sch\u00fctzen die geerntete Zwiebel.<\/p>\n<div class=\"shadow\"><\/div>\n<p>[\/vc_column_text][\/vc_column][vc_column width=&#8220;1\/3&#8243;][vc_gallery interval=&#8220;5&#8243; images=&#8220;1360,1319&#8243; img_size=&#8220;medium&#8220;][\/vc_column][\/vc_row]<\/p>\n","protected":false},"excerpt":{"rendered":"<p>[vc_row][vc_column width=&#8220;2\/3&#8243;][vc_column_text] Selbst machen? F\u00fcr den eigenen Gebrauch k\u00f6nnen Zwiebeln&hellip;<\/p>\n<p> <a class=\"more-link\" href=\"https:\/\/www.molnopex.nl\/de\/konzument\/selbsttaetigkeit\/\">Weiterlesen<\/a><\/p>\n","protected":false},"author":1,"featured_media":0,"parent":660,"menu_order":0,"comment_status":"closed","ping_status":"closed","template":"","meta":[],"acf":[],"yoast_head":"<!-- This site is optimized with the Yoast SEO plugin v19.4 - https:\/\/yoast.com\/wordpress\/plugins\/seo\/ -->\n<title>Selbstt\u00e4tigkeit &bull; Molnopex<\/title>\n<meta name=\"robots\" content=\"index, follow, max-snippet:-1, max-image-preview:large, max-video-preview:-1\" \/>\n<link rel=\"canonical\" href=\"https:\/\/www.molnopex.nl\/de\/konzument\/selbsttaetigkeit\/\" \/>\n<meta property=\"og:locale\" content=\"de_DE\" \/>\n<meta property=\"og:type\" content=\"article\" \/>\n<meta property=\"og:title\" content=\"Selbstt\u00e4tigkeit &bull; Molnopex\" \/>\n<meta property=\"og:description\" content=\"[vc_row][vc_column width=&#8220;2\/3&#8243;][vc_column_text] Selbst machen? F\u00fcr den eigenen Gebrauch k\u00f6nnen Zwiebeln&hellip;  Weiterlesen\" \/>\n<meta property=\"og:url\" content=\"https:\/\/www.molnopex.nl\/de\/konzument\/selbsttaetigkeit\/\" \/>\n<meta property=\"og:site_name\" content=\"Molnopex\" \/>\n<meta property=\"article:modified_time\" content=\"2016-12-13T16:05:29+00:00\" \/>\n<meta name=\"twitter:card\" content=\"summary\" \/>\n<meta name=\"twitter:label1\" content=\"Gesch\u00e4tzte Lesezeit\" \/>\n\t<meta name=\"twitter:data1\" content=\"4\u00a0Minuten\" \/>\n<script type=\"application\/ld+json\" class=\"yoast-schema-graph\">{\"@context\":\"https:\/\/schema.org\",\"@graph\":[{\"@type\":\"Organization\",\"@id\":\"https:\/\/www.molnopex.nl\/en\/#organization\",\"name\":\"Molnopex\",\"url\":\"https:\/\/www.molnopex.nl\/en\/\",\"sameAs\":[],\"logo\":{\"@type\":\"ImageObject\",\"inLanguage\":\"de\",\"@id\":\"https:\/\/www.molnopex.nl\/en\/#\/schema\/logo\/image\/\",\"url\":\"https:\/\/www.molnopex.nl\/wp-content\/uploads\/2021\/09\/cropped-Transparant-Molnopex.png\",\"contentUrl\":\"https:\/\/www.molnopex.nl\/wp-content\/uploads\/2021\/09\/cropped-Transparant-Molnopex.png\",\"width\":266,\"height\":127,\"caption\":\"Molnopex\"},\"image\":{\"@id\":\"https:\/\/www.molnopex.nl\/en\/#\/schema\/logo\/image\/\"}},{\"@type\":\"WebSite\",\"@id\":\"https:\/\/www.molnopex.nl\/en\/#website\",\"url\":\"https:\/\/www.molnopex.nl\/en\/\",\"name\":\"Molnopex\",\"description\":\"Molnopex B.V. een uien sorteer- en verpakkingsbedrijf te Emmeloord, Flevoland\",\"publisher\":{\"@id\":\"https:\/\/www.molnopex.nl\/en\/#organization\"},\"potentialAction\":[{\"@type\":\"SearchAction\",\"target\":{\"@type\":\"EntryPoint\",\"urlTemplate\":\"https:\/\/www.molnopex.nl\/en\/?s={search_term_string}\"},\"query-input\":\"required name=search_term_string\"}],\"inLanguage\":\"de\"},{\"@type\":\"WebPage\",\"@id\":\"https:\/\/www.molnopex.nl\/de\/konzument\/selbsttaetigkeit\/\",\"url\":\"https:\/\/www.molnopex.nl\/de\/konzument\/selbsttaetigkeit\/\",\"name\":\"Selbstt\u00e4tigkeit &bull; Molnopex\",\"isPartOf\":{\"@id\":\"https:\/\/www.molnopex.nl\/en\/#website\"},\"datePublished\":\"2016-11-15T09:25:55+00:00\",\"dateModified\":\"2016-12-13T16:05:29+00:00\",\"breadcrumb\":{\"@id\":\"https:\/\/www.molnopex.nl\/de\/konzument\/selbsttaetigkeit\/#breadcrumb\"},\"inLanguage\":\"de\",\"potentialAction\":[{\"@type\":\"ReadAction\",\"target\":[\"https:\/\/www.molnopex.nl\/de\/konzument\/selbsttaetigkeit\/\"]}]},{\"@type\":\"BreadcrumbList\",\"@id\":\"https:\/\/www.molnopex.nl\/de\/konzument\/selbsttaetigkeit\/#breadcrumb\",\"itemListElement\":[{\"@type\":\"ListItem\",\"position\":1,\"name\":\"Home\",\"item\":\"https:\/\/www.molnopex.nl\/de\/\"},{\"@type\":\"ListItem\",\"position\":2,\"name\":\"Konzument\",\"item\":\"https:\/\/www.molnopex.nl\/de\/konzument\/\"},{\"@type\":\"ListItem\",\"position\":3,\"name\":\"Selbstt\u00e4tigkeit\"}]}]}<\/script>\n<!-- \/ Yoast SEO plugin. -->","yoast_head_json":{"title":"Selbstt\u00e4tigkeit &bull; Molnopex","robots":{"index":"index","follow":"follow","max-snippet":"max-snippet:-1","max-image-preview":"max-image-preview:large","max-video-preview":"max-video-preview:-1"},"canonical":"https:\/\/www.molnopex.nl\/de\/konzument\/selbsttaetigkeit\/","og_locale":"de_DE","og_type":"article","og_title":"Selbstt\u00e4tigkeit &bull; Molnopex","og_description":"[vc_row][vc_column width=&#8220;2\/3&#8243;][vc_column_text] Selbst machen? F\u00fcr den eigenen Gebrauch k\u00f6nnen Zwiebeln&hellip;  Weiterlesen","og_url":"https:\/\/www.molnopex.nl\/de\/konzument\/selbsttaetigkeit\/","og_site_name":"Molnopex","article_modified_time":"2016-12-13T16:05:29+00:00","twitter_card":"summary","twitter_misc":{"Gesch\u00e4tzte Lesezeit":"4\u00a0Minuten"},"schema":{"@context":"https:\/\/schema.org","@graph":[{"@type":"Organization","@id":"https:\/\/www.molnopex.nl\/en\/#organization","name":"Molnopex","url":"https:\/\/www.molnopex.nl\/en\/","sameAs":[],"logo":{"@type":"ImageObject","inLanguage":"de","@id":"https:\/\/www.molnopex.nl\/en\/#\/schema\/logo\/image\/","url":"https:\/\/www.molnopex.nl\/wp-content\/uploads\/2021\/09\/cropped-Transparant-Molnopex.png","contentUrl":"https:\/\/www.molnopex.nl\/wp-content\/uploads\/2021\/09\/cropped-Transparant-Molnopex.png","width":266,"height":127,"caption":"Molnopex"},"image":{"@id":"https:\/\/www.molnopex.nl\/en\/#\/schema\/logo\/image\/"}},{"@type":"WebSite","@id":"https:\/\/www.molnopex.nl\/en\/#website","url":"https:\/\/www.molnopex.nl\/en\/","name":"Molnopex","description":"Molnopex B.V. een uien sorteer- en verpakkingsbedrijf te Emmeloord, Flevoland","publisher":{"@id":"https:\/\/www.molnopex.nl\/en\/#organization"},"potentialAction":[{"@type":"SearchAction","target":{"@type":"EntryPoint","urlTemplate":"https:\/\/www.molnopex.nl\/en\/?s={search_term_string}"},"query-input":"required name=search_term_string"}],"inLanguage":"de"},{"@type":"WebPage","@id":"https:\/\/www.molnopex.nl\/de\/konzument\/selbsttaetigkeit\/","url":"https:\/\/www.molnopex.nl\/de\/konzument\/selbsttaetigkeit\/","name":"Selbstt\u00e4tigkeit &bull; Molnopex","isPartOf":{"@id":"https:\/\/www.molnopex.nl\/en\/#website"},"datePublished":"2016-11-15T09:25:55+00:00","dateModified":"2016-12-13T16:05:29+00:00","breadcrumb":{"@id":"https:\/\/www.molnopex.nl\/de\/konzument\/selbsttaetigkeit\/#breadcrumb"},"inLanguage":"de","potentialAction":[{"@type":"ReadAction","target":["https:\/\/www.molnopex.nl\/de\/konzument\/selbsttaetigkeit\/"]}]},{"@type":"BreadcrumbList","@id":"https:\/\/www.molnopex.nl\/de\/konzument\/selbsttaetigkeit\/#breadcrumb","itemListElement":[{"@type":"ListItem","position":1,"name":"Home","item":"https:\/\/www.molnopex.nl\/de\/"},{"@type":"ListItem","position":2,"name":"Konzument","item":"https:\/\/www.molnopex.nl\/de\/konzument\/"},{"@type":"ListItem","position":3,"name":"Selbstt\u00e4tigkeit"}]}]}},"_links":{"self":[{"href":"https:\/\/www.molnopex.nl\/de\/wp-json\/wp\/v2\/pages\/670"}],"collection":[{"href":"https:\/\/www.molnopex.nl\/de\/wp-json\/wp\/v2\/pages"}],"about":[{"href":"https:\/\/www.molnopex.nl\/de\/wp-json\/wp\/v2\/types\/page"}],"author":[{"embeddable":true,"href":"https:\/\/www.molnopex.nl\/de\/wp-json\/wp\/v2\/users\/1"}],"replies":[{"embeddable":true,"href":"https:\/\/www.molnopex.nl\/de\/wp-json\/wp\/v2\/comments?post=670"}],"version-history":[{"count":4,"href":"https:\/\/www.molnopex.nl\/de\/wp-json\/wp\/v2\/pages\/670\/revisions"}],"predecessor-version":[{"id":1385,"href":"https:\/\/www.molnopex.nl\/de\/wp-json\/wp\/v2\/pages\/670\/revisions\/1385"}],"up":[{"embeddable":true,"href":"https:\/\/www.molnopex.nl\/de\/wp-json\/wp\/v2\/pages\/660"}],"wp:attachment":[{"href":"https:\/\/www.molnopex.nl\/de\/wp-json\/wp\/v2\/media?parent=670"}],"curies":[{"name":"wp","href":"https:\/\/api.w.org\/{rel}","templated":true}]}}